{"id":802,"date":"2026-02-15T09:53:58","date_gmt":"2026-02-15T09:53:58","guid":{"rendered":"https:\/\/inoquim.com\/?page_id=802"},"modified":"2026-03-13T01:32:12","modified_gmt":"2026-03-13T01:32:12","slug":"servicios","status":"publish","type":"page","link":"https:\/\/laboratoriossanox.com\/en\/servicios\/","title":{"rendered":"SERVICES"},"content":{"rendered":"<p>[et_pb_section fb_built=\u00bb1&#8243; admin_label=\u00bbHeader\u00bb _builder_version=\u00bb4.27.5&#8243; use_background_color_gradient=\u00bbon\u00bb background_color_gradient_stops=\u00bbrgba(23,0,190,0.3) 0%|rgba(23,0,190,0.9) 64%\u00bb background_color_gradient_overlays_image=\u00bbon\u00bb background_color_gradient_start=\u00bbrgba(23,0,190,0.3)\u00bb background_color_gradient_end=\u00bbrgba(23,0,190,0.9)\u00bb background_color_gradient_end_position=\u00bb64%\u00bb background_image=\u00bbhttps:\/\/laboratoriossanox7660.live-website.com\/wp-content\/uploads\/2026\/01\/laboratorio-quimico.jpg\u00bb min_height=\u00bb465.5px\u00bb custom_margin=\u00bb||-280px||false|false\u00bb custom_padding=\u00bb||0vw||false|false\u00bb locked=\u00bboff\u00bb collapsed=\u00bbon\u00bb global_colors_info=\u00bb{}\u00bb][et_pb_row _builder_version=\u00bb4.27.5&#8243; _module_preset=\u00bbdefault\u00bb custom_margin=\u00bb61px|auto||auto||\u00bb custom_padding=\u00bb10px|||||\u00bb global_colors_info=\u00bb{}\u00bb][et_pb_column type=\u00bb4_4&#8243; _builder_version=\u00bb4.27.5&#8243; _module_preset=\u00bbdefault\u00bb global_colors_info=\u00bb{}\u00bb][et_pb_text _builder_version=\u00bb4.27.5&#8243; _module_preset=\u00bbdefault\u00bb text_text_color=\u00bb#FFFFFF\u00bb text_font_size=\u00bb26px\u00bb transform_scale_tablet=\u00bb\u00bb transform_scale_phone=\u00bb\u00bb transform_scale_last_edited=\u00bbon|desktop\u00bb transform_translate_tablet=\u00bb\u00bb transform_translate_phone=\u00bb-3px|-46px\u00bb transform_translate_last_edited=\u00bbon|phone\u00bb transform_rotate_tablet=\u00bb\u00bb transform_rotate_phone=\u00bb\u00bb transform_rotate_last_edited=\u00bbon|desktop\u00bb transform_skew_tablet=\u00bb\u00bb transform_skew_phone=\u00bb\u00bb transform_skew_last_edited=\u00bbon|desktop\u00bb transform_origin_tablet=\u00bb\u00bb transform_origin_phone=\u00bb\u00bb transform_origin_last_edited=\u00bbon|desktop\u00bb transform_styles_last_edited=\u00bbon|phone\u00bb custom_margin=\u00bb||||false|false\u00bb custom_margin_tablet=\u00bb||||false|false\u00bb custom_margin_phone=\u00bb25px||||false|false\u00bb custom_margin_last_edited=\u00bbon|phone\u00bb hover_enabled=\u00bb0&#8243; text_font_size_tablet=\u00bb26px\u00bb text_font_size_phone=\u00bb20px\u00bb text_font_size_last_edited=\u00bbon|phone\u00bb transform_styles_tablet=\u00bb\u00bb transform_styles_phone=\u00bb\u00bb global_colors_info=\u00bb{}\u00bb sticky_enabled=\u00bb0&#8243;]<\/p>\n<p style=\"text-align: center;\"><strong>La marca l\u00edder en inocuidad para la industria alimentaria.<\/strong><\/p>\n<p>[\/et_pb_text][\/et_pb_column][\/et_pb_row][\/et_pb_section][et_pb_section fb_built=\u00bb1&#8243; custom_padding_last_edited=\u00bbon|phone\u00bb _builder_version=\u00bb4.27.5&#8243; _module_preset=\u00bbdefault\u00bb custom_padding=\u00bb37px||||false|false\u00bb custom_padding_tablet=\u00bb51px|||||\u00bb custom_padding_phone=\u00bb1px||||false|false\u00bb hover_enabled=\u00bb0&#8243; global_colors_info=\u00bb{}\u00bb custom_margin_last_edited=\u00bbon|phone\u00bb custom_margin_phone=\u00bb||||false|false\u00bb sticky_enabled=\u00bb0&#8243;][et_pb_row column_structure=\u00bb1_4,1_4,1_4,1_4&#8243; _builder_version=\u00bb4.27.5&#8243; _module_preset=\u00bbdefault\u00bb global_colors_info=\u00bb{}\u00bb][et_pb_column type=\u00bb1_4&#8243; _builder_version=\u00bb4.27.5&#8243; _module_preset=\u00bbdefault\u00bb global_colors_info=\u00bb{}\u00bb][et_pb_blurb title=\u00bbINGENIER\u00cdA\u00bb use_icon=\u00bbon\u00bb font_icon=\u00bb&#xe035;||divi||400&#8243; image_icon_width_tablet=\u00bb\u00bb image_icon_width_phone=\u00bb40px\u00bb image_icon_width_last_edited=\u00bbon|phone\u00bb content_tablet=\u00bb<\/p>\n<p><span>Ingenier\u00eda sanitaria en equipos y procesos alimentarios.<\/span><\/p>\n<p>\u00bb content_phone=\u00bb<\/p>\n<p style=%22text-align: center;%22><span>Ingenier\u00eda sanitaria en equipos y procesos alimentarios.<\/span><\/p>\n<p>\u00bb content_last_edited=\u00bbon|phone\u00bb _builder_version=\u00bb4.27.5&#8243; _module_preset=\u00bbdefault\u00bb header_text_align=\u00bbcenter\u00bb hover_enabled=\u00bb0&#8243; global_colors_info=\u00bb{}\u00bb custom_margin_last_edited=\u00bbon|phone\u00bb custom_margin_phone=\u00bb-20px||||false|false\u00bb sticky_enabled=\u00bb0&#8243;]<\/p>\n<p><span>Ingenier\u00eda sanitaria en equipos y procesos alimentarios.<\/span><\/p>\n<p>[\/et_pb_blurb][\/et_pb_column][et_pb_column type=\u00bb1_4&#8243; _builder_version=\u00bb4.27.5&#8243; _module_preset=\u00bbdefault\u00bb global_colors_info=\u00bb{}\u00bb][et_pb_image src=\u00bbhttps:\/\/laboratoriossanox7660.live-website.com\/wp-content\/uploads\/2026\/03\/1.png\u00bb title_text=\u00bb1&#8243; align_tablet=\u00bb\u00bb align_phone=\u00bbcenter\u00bb align_last_edited=\u00bbon|phone\u00bb _builder_version=\u00bb4.27.5&#8243; _module_preset=\u00bbdefault\u00bb max_height_tablet=\u00bb\u00bb max_height_phone=\u00bb266px\u00bb max_height_last_edited=\u00bbon|phone\u00bb global_colors_info=\u00bb{}\u00bb][\/et_pb_image][\/et_pb_column][et_pb_column type=\u00bb1_4&#8243; _builder_version=\u00bb4.27.5&#8243; _module_preset=\u00bbdefault\u00bb global_colors_info=\u00bb{}\u00bb][et_pb_blurb title=\u00bbEQUIPOS\u00bb use_icon=\u00bbon\u00bb font_icon=\u00bb&#xe037;||divi||400&#8243; image_icon_width_tablet=\u00bb\u00bb image_icon_width_phone=\u00bb40px\u00bb image_icon_width_last_edited=\u00bbon|phone\u00bb content_tablet=\u00bb<\/p>\n<p><span>Ingenier\u00eda en equipos para la industria alimenticia.<\/span><\/p>\n<p>\u00bb content_phone=\u00bb<\/p>\n<p style=%22text-align: center;%22><span>Ingenier\u00eda en equipos para la industria alimenticia.<\/span><\/p>\n<p>\u00bb content_last_edited=\u00bbon|phone\u00bb _builder_version=\u00bb4.27.5&#8243; _module_preset=\u00bbdefault\u00bb header_text_align=\u00bbcenter\u00bb global_colors_info=\u00bb{}\u00bb]<\/p>\n<p><span>Ingenier\u00eda en equipos para la industria alimenticia.<\/span><\/p>\n<p>[\/et_pb_blurb][\/et_pb_column][et_pb_column type=\u00bb1_4&#8243; _builder_version=\u00bb4.27.5&#8243; _module_preset=\u00bbdefault\u00bb global_colors_info=\u00bb{}\u00bb][et_pb_image src=\u00bbhttps:\/\/laboratoriossanox7660.live-website.com\/wp-content\/uploads\/2026\/03\/2.png\u00bb title_text=\u00bb2&#8243; align_tablet=\u00bb\u00bb align_phone=\u00bbcenter\u00bb align_last_edited=\u00bbon|phone\u00bb _builder_version=\u00bb4.27.5&#8243; _module_preset=\u00bbdefault\u00bb max_height_tablet=\u00bb\u00bb max_height_phone=\u00bb266px\u00bb max_height_last_edited=\u00bbon|phone\u00bb global_colors_info=\u00bb{}\u00bb][\/et_pb_image][\/et_pb_column][\/et_pb_row][et_pb_row column_structure=\u00bb1_4,1_4,1_4,1_4&#8243; _builder_version=\u00bb4.27.5&#8243; _module_preset=\u00bbdefault\u00bb global_colors_info=\u00bb{}\u00bb][et_pb_column type=\u00bb1_4&#8243; _builder_version=\u00bb4.27.5&#8243; _module_preset=\u00bbdefault\u00bb global_colors_info=\u00bb{}\u00bb][et_pb_blurb title=\u00bbINNOVACI\u00d3N\u00bb use_icon=\u00bbon\u00bb font_icon=\u00bb&#xe038;||divi||400&#8243; image_icon_width_tablet=\u00bb\u00bb image_icon_width_phone=\u00bb40px\u00bb image_icon_width_last_edited=\u00bbon|phone\u00bb content_tablet=\u00bb<\/p>\n<p><span>Innovaci\u00f3n de equipos para la dosificaci\u00f3n de producto.<\/span><\/p>\n<p>\u00bb content_phone=\u00bb<\/p>\n<p style=%22text-align: center;%22><span>Innovaci\u00f3n de equipos para la dosificaci\u00f3n de producto.<\/span><\/p>\n<p>\u00bb content_last_edited=\u00bbon|phone\u00bb _builder_version=\u00bb4.27.5&#8243; _module_preset=\u00bbdefault\u00bb header_text_align=\u00bbcenter\u00bb global_colors_info=\u00bb{}\u00bb]<\/p>\n<p><span>Innovaci\u00f3n de equipos para la dosificaci\u00f3n de producto.<\/span><\/p>\n<p>[\/et_pb_blurb][\/et_pb_column][et_pb_column type=\u00bb1_4&#8243; _builder_version=\u00bb4.27.5&#8243; _module_preset=\u00bbdefault\u00bb global_colors_info=\u00bb{}\u00bb][et_pb_image src=\u00bbhttps:\/\/laboratoriossanox7660.live-website.com\/wp-content\/uploads\/2026\/03\/3.png\u00bb title_text=\u00bb3&#8243; align_tablet=\u00bb\u00bb align_phone=\u00bbcenter\u00bb align_last_edited=\u00bbon|phone\u00bb _builder_version=\u00bb4.27.5&#8243; _module_preset=\u00bbdefault\u00bb max_height_tablet=\u00bb\u00bb max_height_phone=\u00bb266px\u00bb max_height_last_edited=\u00bbon|phone\u00bb global_colors_info=\u00bb{}\u00bb][\/et_pb_image][\/et_pb_column][et_pb_column type=\u00bb1_4&#8243; _builder_version=\u00bb4.27.5&#8243; _module_preset=\u00bbdefault\u00bb global_colors_info=\u00bb{}\u00bb][et_pb_blurb title=\u00bbDESARROLLO\u00bb use_icon=\u00bbon\u00bb font_icon=\u00bb&#xe036;||divi||400&#8243; image_icon_width_tablet=\u00bb\u00bb image_icon_width_phone=\u00bb40px\u00bb image_icon_width_last_edited=\u00bbon|phone\u00bb content_tablet=\u00bb<\/p>\n<p>Desarrollo de productos a las necesidades y requerimientos de los clientes.<\/p>\n<p>\u00bb content_phone=\u00bb<\/p>\n<p style=%22text-align: center;%22>Desarrollo de productos a las necesidades y requerimientos de los clientes.<\/p>\n<p>\u00bb content_last_edited=\u00bbon|phone\u00bb _builder_version=\u00bb4.27.5&#8243; _module_preset=\u00bbdefault\u00bb header_text_align=\u00bbcenter\u00bb global_colors_info=\u00bb{}\u00bb]<\/p>\n<p>Desarrollo de productos a las necesidades y requerimientos de los clientes.<\/p>\n<p>[\/et_pb_blurb][\/et_pb_column][et_pb_column type=\u00bb1_4&#8243; _builder_version=\u00bb4.27.5&#8243; _module_preset=\u00bbdefault\u00bb global_colors_info=\u00bb{}\u00bb][et_pb_image src=\u00bbhttps:\/\/laboratoriossanox7660.live-website.com\/wp-content\/uploads\/2026\/03\/4.png\u00bb title_text=\u00bb4&#8243; align_tablet=\u00bb\u00bb align_phone=\u00bbcenter\u00bb align_last_edited=\u00bbon|phone\u00bb _builder_version=\u00bb4.27.5&#8243; _module_preset=\u00bbdefault\u00bb max_height_tablet=\u00bb\u00bb max_height_phone=\u00bb266px\u00bb max_height_last_edited=\u00bbon|phone\u00bb global_colors_info=\u00bb{}\u00bb][\/et_pb_image][\/et_pb_column][\/et_pb_row][et_pb_row column_structure=\u00bb1_4,1_4,1_4,1_4&#8243; _builder_version=\u00bb4.27.5&#8243; _module_preset=\u00bbdefault\u00bb global_colors_info=\u00bb{}\u00bb][et_pb_column type=\u00bb1_4&#8243; _builder_version=\u00bb4.27.5&#8243; _module_preset=\u00bbdefault\u00bb global_colors_info=\u00bb{}\u00bb][et_pb_blurb title=\u00bbCAPACITACI\u00d3N\u00bb use_icon=\u00bbon\u00bb font_icon=\u00bb&#xe08b;||divi||400&#8243; image_icon_width_tablet=\u00bb\u00bb image_icon_width_phone=\u00bb40px\u00bb image_icon_width_last_edited=\u00bbon|phone\u00bb content_tablet=\u00bb<\/p>\n<p>Capacitaci\u00f3n y Asesoramiento en procesos de validaci\u00f3n de la sanidad e inocuidad alimentaria.<\/p>\n<p>\u00bb content_phone=\u00bb<\/p>\n<p style=%22text-align: center;%22>Capacitaci\u00f3n y Asesoramiento en procesos de validaci\u00f3n de la sanidad e inocuidad alimentaria.<\/p>\n<p>\u00bb content_last_edited=\u00bbon|phone\u00bb _builder_version=\u00bb4.27.5&#8243; _module_preset=\u00bbdefault\u00bb header_text_align=\u00bbcenter\u00bb global_colors_info=\u00bb{}\u00bb]<\/p>\n<p>Capacitaci\u00f3n y Asesoramiento en procesos de validaci\u00f3n de la sanidad e inocuidad alimentaria.<\/p>\n<p>[\/et_pb_blurb][\/et_pb_column][et_pb_column type=\u00bb1_4&#8243; _builder_version=\u00bb4.27.5&#8243; _module_preset=\u00bbdefault\u00bb global_colors_info=\u00bb{}\u00bb][et_pb_image src=\u00bbhttps:\/\/laboratoriossanox7660.live-website.com\/wp-content\/uploads\/2026\/03\/5.png\u00bb title_text=\u00bb5&#8243; align_tablet=\u00bb\u00bb align_phone=\u00bbcenter\u00bb align_last_edited=\u00bbon|phone\u00bb _builder_version=\u00bb4.27.5&#8243; _module_preset=\u00bbdefault\u00bb max_height_tablet=\u00bb\u00bb max_height_phone=\u00bb266px\u00bb max_height_last_edited=\u00bbon|phone\u00bb global_colors_info=\u00bb{}\u00bb][\/et_pb_image][\/et_pb_column][et_pb_column type=\u00bb1_4&#8243; _builder_version=\u00bb4.27.5&#8243; _module_preset=\u00bbdefault\u00bb global_colors_info=\u00bb{}\u00bb][\/et_pb_column][et_pb_column type=\u00bb1_4&#8243; _builder_version=\u00bb4.27.5&#8243; _module_preset=\u00bbdefault\u00bb global_colors_info=\u00bb{}\u00bb][\/et_pb_column][\/et_pb_row][\/et_pb_section][et_pb_section fb_built=\u00bb1&#8243; module_id=\u00bbproductos\u00bb _builder_version=\u00bb4.27.5&#8243; _module_preset=\u00bbdefault\u00bb use_background_color_gradient=\u00bbon\u00bb background_color_gradient_stops=\u00bb#000000 0%|#1700be 100%\u00bb background_color_gradient_start=\u00bb#000000&#8243; background_color_gradient_end=\u00bb#1700be\u00bb custom_padding=\u00bb||12px|||\u00bb global_colors_info=\u00bb{}\u00bb][et_pb_row _builder_version=\u00bb4.27.5&#8243; _module_preset=\u00bbdefault\u00bb custom_margin=\u00bb-53px|auto||auto||\u00bb global_colors_info=\u00bb{}\u00bb][et_pb_column type=\u00bb4_4&#8243; _builder_version=\u00bb4.27.5&#8243; _module_preset=\u00bbdefault\u00bb global_colors_info=\u00bb{}\u00bb][et_pb_heading title=\u00bbPRODUCTOS QU\u00cdMICOS\u00bb _builder_version=\u00bb4.27.5&#8243; _module_preset=\u00bbdefault\u00bb title_font=\u00bbKanit||||||||\u00bb title_text_align=\u00bbcenter\u00bb title_text_color=\u00bb#FFFFFF\u00bb title_font_size=\u00bb60px\u00bb title_font_size_tablet=\u00bb60px\u00bb title_font_size_phone=\u00bb40px\u00bb title_font_size_last_edited=\u00bbon|phone\u00bb global_colors_info=\u00bb{}\u00bb][\/et_pb_heading][\/et_pb_column][\/et_pb_row][et_pb_row column_structure=\u00bb1_3,1_3,1_3&#8243; _builder_version=\u00bb4.27.5&#8243; _module_preset=\u00bbdefault\u00bb global_colors_info=\u00bb{}\u00bb][et_pb_column type=\u00bb1_3&#8243; _builder_version=\u00bb4.27.5&#8243; _module_preset=\u00bbdefault\u00bb global_colors_info=\u00bb{}\u00bb][et_pb_toggle title=\u00bbDESINFECTANTES\u00bb icon_color=\u00bb#8300E9&#8243; open_icon_color=\u00bb#7CDA24&#8243; _builder_version=\u00bb4.27.5&#8243; _module_preset=\u00bbdefault\u00bb background_image=\u00bbhttps:\/\/laboratoriossanox7660.live-website.com\/wp-content\/uploads\/2026\/02\/FONDO-HEXAGONO-IZQUIERDO.png\u00bb hover_enabled=\u00bb0&#8243; border_radii=\u00bbon|10px|10px|10px|10px\u00bb global_colors_info=\u00bb{}\u00bb sticky_enabled=\u00bb0&#8243; use_icon_font_size=\u00bbon\u00bb icon_font_size_last_edited=\u00bbon|phone\u00bb icon_font_size_phone=\u00bb32px\u00bb open_use_icon_font_size=\u00bbon\u00bb open_icon_font_size_last_edited=\u00bbon|phone\u00bb open_icon_font_size_phone=\u00bb32px\u00bb icon_font_size=\u00bb20px\u00bb open_icon_font_size=\u00bb20px\u00bb icon_font_size_tablet=\u00bb20px\u00bb open_icon_font_size_tablet=\u00bb20px\u00bb]<\/p>\n<p><span style=\"color: #000000;\"><strong>\u00bb ALQUATCOL<\/strong><\/span><br \/>limpiador sanitizante<br \/><span style=\"color: #000000;\"><strong>\u00bb CLOROSANOX 6 %<\/strong><\/span><br \/>blanqueador desinfectante<br \/><span style=\"color: #000000;\"><strong>\u00bb CLOROSANOX 8%<\/strong><\/span><br \/>blanqueador desinfectante<br \/><span style=\"color: #000000;\"><strong>\u00bb CLOROSANOX 13%<\/strong><\/span><br \/>blanqueador desinfectante<br \/><span style=\"color: #000000;\"><strong>\u00bb LODOSAN<\/strong><\/span><br \/>desinfectante base yodo<br \/><span style=\"color: #000000;\"><strong>\u00bb ORGAPURE CE<\/strong><\/span><br \/><span style=\"color: #000000;\"><strong>\u00bb OSAN<\/strong><\/span><br \/><span style=\"color: #000000;\"><strong>\u00bb OXITECA<\/strong><\/span><br \/>desinfectante biocida<br \/><span style=\"color: #000000;\"><strong>\u00bb OXOKLEEN<\/strong><\/span><br \/>desinfectante biocida<br \/><span style=\"color: #000000;\"><strong>\u00bb PERAC\u00c9TICO 15%<\/strong><\/span><br \/>desinfectante biocida<br \/><span style=\"color: #000000;\"><strong>\u00bb PERAC\u00c9TICO ORG\u00c1NICO<\/strong><\/span><br \/>desinfectante biocida<br \/><span style=\"color: #000000;\"><strong>\u00bb POLYSTAB CHLOR<\/strong><\/span><br \/>desinfectante clorado<br \/><span style=\"color: #000000;\"><strong>\u00bb SANOX R82F<\/strong><\/span><br \/><span style=\"color: #000000;\"><strong>\u00bb SANOX TFM 350<\/strong><\/span><br \/><span style=\"color: #000000;\"><strong>\u00bb SPECTER S32F<\/strong><\/span><\/p>\n<p>[\/et_pb_toggle][\/et_pb_column][et_pb_column type=\u00bb1_3&#8243; _builder_version=\u00bb4.27.5&#8243; _module_preset=\u00bbdefault\u00bb global_colors_info=\u00bb{}\u00bb][et_pb_toggle title=\u00bbDETERGENTES\u00bb icon_color=\u00bb#8300E9&#8243; open_icon_color=\u00bb#7CDA24&#8243; _builder_version=\u00bb4.27.5&#8243; _module_preset=\u00bbdefault\u00bb background_image=\u00bbhttps:\/\/laboratoriossanox7660.live-website.com\/wp-content\/uploads\/2026\/02\/SERVICIOS-INOQUM-3.png\u00bb hover_enabled=\u00bb0&#8243; border_radii=\u00bbon|10px|10px|10px|10px\u00bb global_colors_info=\u00bb{}\u00bb use_icon_font_size=\u00bbon\u00bb icon_font_size_last_edited=\u00bbon|phone\u00bb sticky_enabled=\u00bb0&#8243; icon_font_size_phone=\u00bb32px\u00bb open_use_icon_font_size=\u00bbon\u00bb open_icon_font_size_last_edited=\u00bbon|phone\u00bb open_icon_font_size_phone=\u00bb32px\u00bb icon_font_size=\u00bb20px\u00bb open_icon_font_size=\u00bb20px\u00bb icon_font_size_tablet=\u00bb20px\u00bb open_icon_font_size_tablet=\u00bb20px\u00bb]<\/p>\n<p><span style=\"color: #000000;\"><strong>\u00bb ALCALINO CLORADO<\/strong><\/span><br \/>detergente l\u00edquido clorado<br \/><span style=\"color: #000000;\"><strong>\u00bb DEMULSAN<\/strong><\/span><br \/>detergente multiusos<br \/><span style=\"color: #000000;\"><strong>\u00bb DET CHLOR HF.<\/strong><\/span><br \/>detergente clorado<br \/><span style=\"color: #000000;\"><strong>\u00bb DET LIQ<\/strong><\/span><br \/><span style=\"color: #000000;\"><strong>\u00bb DETERGENTE ACIDO BE<\/strong><\/span><br \/>detergente \u00e1cido<br \/><span style=\"color: #000000;\"><strong>\u00bb DETERGENTE SIMPLE<\/strong><\/span><br \/><span style=\"color: #000000;\"><strong>\u00bb DUOCIP<\/strong><\/span><br \/><span style=\"color: #000000;\"><strong>\u00bb LIMPIABODEN<\/strong><\/span><br \/><span style=\"color: #000000;\"><strong>\u00bb MULTILAVADO NF<\/strong><\/span><br \/>detergente en polvo<br \/><span style=\"color: #000000;\"><strong>\u00bb POLYGLANZ HF<\/strong><\/span><br \/>detergente \u00e1cido<br \/><span style=\"color: #000000;\"><strong>\u00bb QUELACID PLUS HF<\/strong><\/span><br \/>detergente l\u00edquido \u00e1cido<br \/><span style=\"color: #000000;\"><strong>\u00bb QUELACID PLUS<\/strong><\/span><br \/>detergente l\u00edquido \u00e1cido<br \/><span style=\"color: #000000;\"><strong>\u00bb QUELACID<\/strong><\/span><br \/>detergente l\u00edquido \u00e1cido<\/p>\n<p>[\/et_pb_toggle][\/et_pb_column][et_pb_column type=\u00bb1_3&#8243; _builder_version=\u00bb4.27.5&#8243; _module_preset=\u00bbdefault\u00bb global_colors_info=\u00bb{}\u00bb][et_pb_toggle title=\u00bbDESENGRASANTES\u00bb open_toggle_background_color=\u00bb#8300E9&#8243; closed_toggle_background_color=\u00bb#8300E9&#8243; icon_color=\u00bb#8300E9&#8243; open_icon_color=\u00bb#7CDA24&#8243; _builder_version=\u00bb4.27.5&#8243; _module_preset=\u00bbdefault\u00bb background_image=\u00bbhttps:\/\/laboratoriossanox7660.live-website.com\/wp-content\/uploads\/2026\/02\/FONDO-HEXGONO-DERECHO.png\u00bb hover_enabled=\u00bb0&#8243; border_radii=\u00bbon|10px|10px|10px|10px\u00bb global_colors_info=\u00bb{}\u00bb use_icon_font_size=\u00bbon\u00bb icon_font_size_last_edited=\u00bbon|phone\u00bb sticky_enabled=\u00bb0&#8243; icon_font_size_phone=\u00bb32px\u00bb open_use_icon_font_size=\u00bbon\u00bb open_icon_font_size_last_edited=\u00bbon|phone\u00bb open_icon_font_size_phone=\u00bb32px\u00bb icon_font_size=\u00bb20px\u00bb open_icon_font_size=\u00bb20px\u00bb icon_font_size_tablet=\u00bb20px\u00bb open_icon_font_size_tablet=\u00bb20px\u00bb]<\/p>\n<p><span style=\"color: #000000;\"><strong>\u00bb CIPET 40B<\/strong><\/span><br \/>desengrasante baja espuma<br \/><span style=\"color: #000000;\"><strong>\u00bb DEGASAN<\/strong><\/span><br \/><span style=\"color: #000000;\"><strong>\u00bb DETERGENTE MULTIUSOS T<\/strong><\/span><br \/><span style=\"color: #000000;\"><strong>\u00bb SIETE HF<\/strong><\/span><br \/><span style=\"color: #000000;\"><strong>\u00bb SUPER LAV<\/strong><\/span><br \/>desengrasante baja espuma<br \/><span style=\"color: #000000;\"><strong>\u00bb SURFACSIDE HOSPL 33<\/strong><\/span><br \/><span style=\"color: #000000;\"><strong>\u00bb SURFACTANTE PLUS<\/strong><\/span><br \/><span style=\"color: #000000;\"><strong>\u00bb TRIDE 33<\/strong><\/span><\/p>\n<p>[\/et_pb_toggle][\/et_pb_column][\/et_pb_row][\/et_pb_section][et_pb_section fb_built=\u00bb1&#8243; _builder_version=\u00bb4.27.5&#8243; _module_preset=\u00bbdefault\u00bb custom_padding=\u00bb14px|||||\u00bb global_colors_info=\u00bb{}\u00bb][et_pb_row column_structure=\u00bb1_4,3_4&#8243; _builder_version=\u00bb4.27.5&#8243; _module_preset=\u00bbdefault\u00bb custom_margin=\u00bb51px|auto||auto||\u00bb custom_margin_tablet=\u00bb51px|auto||auto||\u00bb custom_margin_phone=\u00bb0px|auto||auto|false|false\u00bb custom_margin_last_edited=\u00bbon|phone\u00bb custom_padding=\u00bb0px|||||\u00bb global_colors_info=\u00bb{}\u00bb][et_pb_column type=\u00bb1_4&#8243; _builder_version=\u00bb4.27.5&#8243; _module_preset=\u00bbdefault\u00bb global_colors_info=\u00bb{}\u00bb][et_pb_heading title=\u00bbEQUIPOS INOQUIM\u00bb _builder_version=\u00bb4.27.5&#8243; _module_preset=\u00bbdefault\u00bb title_font=\u00bbKanit||||||||\u00bb title_text_align=\u00bbcenter\u00bb title_text_color=\u00bb#000000&#8243; title_font_size=\u00bb50px\u00bb background_image=\u00bbhttps:\/\/laboratoriossanox7660.live-website.com\/wp-content\/uploads\/2026\/02\/FONDO-HEXAGONO-IZQUIERDO.png\u00bb width=\u00bb100%\u00bb max_width=\u00bb100%\u00bb module_alignment=\u00bbleft\u00bb min_height=\u00bb361px\u00bb min_height_tablet=\u00bb361px\u00bb min_height_phone=\u00bb211px\u00bb min_height_last_edited=\u00bbon|phone\u00bb height=\u00bb416px\u00bb height_tablet=\u00bb416px\u00bb height_phone=\u00bb261px\u00bb height_last_edited=\u00bbon|phone\u00bb max_height_tablet=\u00bb\u00bb max_height_phone=\u00bb193px\u00bb max_height_last_edited=\u00bbon|phone\u00bb custom_margin_tablet=\u00bb\u00bb custom_margin_phone=\u00bb||||false|false\u00bb custom_margin_last_edited=\u00bbon|phone\u00bb custom_padding_tablet=\u00bb\u00bb custom_padding_phone=\u00bb62px||||false|false\u00bb custom_padding_last_edited=\u00bbon|phone\u00bb title_font_size_tablet=\u00bb50px\u00bb title_font_size_phone=\u00bb40px\u00bb title_font_size_last_edited=\u00bbon|phone\u00bb global_colors_info=\u00bb{}\u00bb][\/et_pb_heading][\/et_pb_column][et_pb_column type=\u00bb3_4&#8243; _builder_version=\u00bb4.27.5&#8243; _module_preset=\u00bbdefault\u00bb global_colors_info=\u00bb{}\u00bb][et_pb_gallery gallery_ids=\u00bb1102,1103,1104,1105,1106,1107,1108,1109,1110,1111,1112,1113,1114,1115,1116&#8243; posts_number=\u00bb3&#8243; _builder_version=\u00bb4.27.5&#8243; _module_preset=\u00bbdefault\u00bb title_text_align=\u00bbcenter\u00bb width_tablet=\u00bb\u00bb width_phone=\u00bb50%\u00bb width_last_edited=\u00bbon|phone\u00bb title_font_size_tablet=\u00bb\u00bb title_font_size_phone=\u00bb12px\u00bb title_font_size_last_edited=\u00bbon|phone\u00bb module_alignment_tablet=\u00bb\u00bb module_alignment_phone=\u00bbcenter\u00bb module_alignment_last_edited=\u00bbon|phone\u00bb global_colors_info=\u00bb{}\u00bb][\/et_pb_gallery][\/et_pb_column][\/et_pb_row][\/et_pb_section]<\/p>\n","protected":false},"excerpt":{"rendered":"<p>La marca l\u00edder en inocuidad para la industria alimentaria.Ingenier\u00eda sanitaria en equipos y procesos alimentarios.Ingenier\u00eda en equipos para la industria alimenticia.Innovaci\u00f3n de equipos para la dosificaci\u00f3n de producto.Desarrollo de productos a las necesidades y requerimientos de los clientes.Capacitaci\u00f3n y Asesoramiento en procesos de validaci\u00f3n de la sanidad e inocuidad alimentaria.\u00bb ALQUATCOLlimpiador sanitizante\u00bb CLOROSANOX 6 %blanqueador [&hellip;]<\/p>\n","protected":false},"author":1,"featured_media":0,"parent":0,"menu_order":0,"comment_status":"closed","ping_status":"closed","template":"","meta":{"_et_pb_use_builder":"on","_et_pb_old_content":"","_et_gb_content_width":"","footnotes":""},"class_list":["post-802","page","type-page","status-publish","hentry"],"_links":{"self":[{"href":"https:\/\/laboratoriossanox.com\/en\/wp-json\/wp\/v2\/pages\/802","targetHints":{"allow":["GET"]}}],"collection":[{"href":"https:\/\/laboratoriossanox.com\/en\/wp-json\/wp\/v2\/pages"}],"about":[{"href":"https:\/\/laboratoriossanox.com\/en\/wp-json\/wp\/v2\/types\/page"}],"author":[{"embeddable":true,"href":"https:\/\/laboratoriossanox.com\/en\/wp-json\/wp\/v2\/users\/1"}],"replies":[{"embeddable":true,"href":"https:\/\/laboratoriossanox.com\/en\/wp-json\/wp\/v2\/comments?post=802"}],"version-history":[{"count":67,"href":"https:\/\/laboratoriossanox.com\/en\/wp-json\/wp\/v2\/pages\/802\/revisions"}],"predecessor-version":[{"id":1551,"href":"https:\/\/laboratoriossanox.com\/en\/wp-json\/wp\/v2\/pages\/802\/revisions\/1551"}],"wp:attachment":[{"href":"https:\/\/laboratoriossanox.com\/en\/wp-json\/wp\/v2\/media?parent=802"}],"curies":[{"name":"wp","href":"https:\/\/api.w.org\/{rel}","templated":true}]}}