{"id":63,"date":"2026-01-17T05:20:18","date_gmt":"2026-01-17T05:20:18","guid":{"rendered":"https:\/\/inoquim.com\/?page_id=63"},"modified":"2026-02-02T18:37:28","modified_gmt":"2026-02-02T18:37:28","slug":"soporte-tecnico","status":"publish","type":"page","link":"https:\/\/laboratoriossanox.com\/en\/soporte-tecnico\/","title":{"rendered":"SOPORTE T\u00c9CNICO"},"content":{"rendered":"<p>[et_pb_section fb_built=&#8221;1&#8243; admin_label=&#8221;ARRIBA&#8221; _builder_version=&#8221;4.27.5&#8243; _module_preset=&#8221;default&#8221; background_color=&#8221;#7a7a7a&#8221; use_background_color_gradient=&#8221;on&#8221; background_color_gradient_stops=&#8221;rgba(43,135,218,0.69) 45%|gcid-40d1cd2b-1ccb-45a5-acf6-6e19bc95380f 100%&#8221; background_color_gradient_overlays_image=&#8221;on&#8221; background_image=&#8221;https:\/\/laboratoriossanox7660.live-website.com\/wp-content\/uploads\/2026\/01\/pphoto-2182.jpg&#8221; global_colors_info=&#8221;{%22gcid-40d1cd2b-1ccb-45a5-acf6-6e19bc95380f%22:%91%22background_color_gradient_stops%22%93}&#8221;][et_pb_row column_structure=&#8221;1_2,1_2&#8243; _builder_version=&#8221;4.27.5&#8243; _module_preset=&#8221;default&#8221; global_colors_info=&#8221;{}&#8221;][et_pb_column type=&#8221;1_2&#8243; _builder_version=&#8221;4.27.5&#8243; _module_preset=&#8221;default&#8221; global_colors_info=&#8221;{}&#8221;][et_pb_heading title=&#8221;Sanidad e inocuidad para un mundo saludable&#8221; admin_label=&#8221;Slogan&#8221; _builder_version=&#8221;4.27.5&#8243; _module_preset=&#8221;default&#8221; title_text_color=&#8221;#FFFFFF&#8221; title_font_size=&#8221;51px&#8221; transform_scale_tablet=&#8221;&#8221; transform_scale_phone=&#8221;&#8221; transform_scale_last_edited=&#8221;on|phone&#8221; transform_translate_tablet=&#8221;&#8221; transform_translate_phone=&#8221;-13px|39px&#8221; transform_translate_last_edited=&#8221;on|phone&#8221; transform_rotate_tablet=&#8221;&#8221; transform_rotate_phone=&#8221;&#8221; transform_rotate_last_edited=&#8221;on|phone&#8221; transform_skew_tablet=&#8221;&#8221; transform_skew_phone=&#8221;&#8221; transform_skew_last_edited=&#8221;on|phone&#8221; transform_origin_tablet=&#8221;&#8221; transform_origin_phone=&#8221;&#8221; transform_origin_last_edited=&#8221;on|phone&#8221; transform_styles_last_edited=&#8221;on|phone&#8221; custom_margin=&#8221;|-26px||||&#8221; hover_enabled=&#8221;0&#8243; title_font_size_tablet=&#8221;51px&#8221; title_font_size_phone=&#8221;36px&#8221; title_font_size_last_edited=&#8221;on|phone&#8221; transform_styles_tablet=&#8221;&#8221; transform_styles_phone=&#8221;&#8221; title_text_shadow_style=&#8221;preset1&#8243; global_colors_info=&#8221;{}&#8221; sticky_enabled=&#8221;0&#8243;][\/et_pb_heading][et_pb_text _builder_version=&#8221;4.27.5&#8243; _module_preset=&#8221;default&#8221; text_text_color=&#8221;#EDF000&#8243; text_font_size=&#8221;25px&#8221; transform_translate=&#8221;40px|103px&#8221; hover_enabled=&#8221;0&#8243; text_text_shadow_style=&#8221;preset4&#8243; global_colors_info=&#8221;{}&#8221; transform_styles_last_edited=&#8221;on|phone&#8221; transform_scale_last_edited=&#8221;on|phone&#8221; transform_translate_last_edited=&#8221;on|desktop&#8221; transform_rotate_last_edited=&#8221;on|desktop&#8221; transform_skew_last_edited=&#8221;on|desktop&#8221; transform_origin_last_edited=&#8221;on|desktop&#8221; sticky_enabled=&#8221;0&#8243; transform_translate_phone=&#8221;7px|145px&#8221; transform_translate_tablet=&#8221;40px|103px&#8221;]<\/p>\n<p style=\"text-align: right;\"><em><strong>REGISTROS Y CERTIFICACIONES<\/strong><\/em><\/p>\n<p>[\/et_pb_text][\/et_pb_column][et_pb_column type=&#8221;1_2&#8243; _builder_version=&#8221;4.27.5&#8243; _module_preset=&#8221;default&#8221; global_colors_info=&#8221;{}&#8221;][et_pb_image src=&#8221;https:\/\/laboratoriossanox7660.live-website.com\/wp-content\/uploads\/2026\/01\/Diseno-sin-titulo-3.png&#8221; title_text=&#8221;Dise\u00f1o sin t\u00edtulo (3)&#8221; _builder_version=&#8221;4.27.5&#8243; _module_preset=&#8221;default&#8221; transform_translate=&#8221;20px|145px&#8221; border_radii=&#8221;on|19px|19px|19px|19px&#8221; box_shadow_style=&#8221;preset4&#8243; box_shadow_blur=&#8221;9px&#8221; global_colors_info=&#8221;{}&#8221;][\/et_pb_image][\/et_pb_column][\/et_pb_row][\/et_pb_section][et_pb_section fb_built=&#8221;1&#8243; _builder_version=&#8221;4.27.5&#8243; _module_preset=&#8221;default&#8221; global_colors_info=&#8221;{}&#8221;][et_pb_row _builder_version=&#8221;4.27.5&#8243; _module_preset=&#8221;default&#8221; custom_margin=&#8221;61px|auto||auto||&#8221; global_colors_info=&#8221;{}&#8221;][et_pb_column type=&#8221;4_4&#8243; _builder_version=&#8221;4.27.5&#8243; _module_preset=&#8221;default&#8221; global_colors_info=&#8221;{}&#8221;][et_pb_text _builder_version=&#8221;4.27.5&#8243; _module_preset=&#8221;default&#8221; text_font_size=&#8221;34px&#8221; hover_enabled=&#8221;0&#8243; global_colors_info=&#8221;{}&#8221; sticky_enabled=&#8221;0&#8243; text_font_size_last_edited=&#8221;on|phone&#8221; text_font_size_phone=&#8221;20px&#8221; text_font_size_tablet=&#8221;34px&#8221;]<\/p>\n<p><em><strong>Beneficios para nuestros socios comerciales<\/strong><\/em><\/p>\n<p>[\/et_pb_text][\/et_pb_column][\/et_pb_row][\/et_pb_section][et_pb_section fb_built=&#8221;1&#8243; _builder_version=&#8221;4.27.5&#8243; _module_preset=&#8221;default&#8221; custom_margin=&#8221;-101px|||||&#8221; global_colors_info=&#8221;{}&#8221;][et_pb_row column_structure=&#8221;1_2,1_2&#8243; _builder_version=&#8221;4.27.5&#8243; _module_preset=&#8221;default&#8221; global_colors_info=&#8221;{}&#8221;][et_pb_column type=&#8221;1_2&#8243; _builder_version=&#8221;4.27.5&#8243; _module_preset=&#8221;default&#8221; global_colors_info=&#8221;{}&#8221;][et_pb_text _builder_version=&#8221;4.27.5&#8243; _module_preset=&#8221;default&#8221; global_colors_info=&#8221;{}&#8221;]<\/p>\n<p><img loading=\"lazy\" decoding=\"async\" src=\"https:\/\/laboratoriossanox7660.live-website.com\/wp-content\/uploads\/2026\/01\/12-300x250.png\" width=\"54\" height=\"45\" alt=\"\" class=\"wp-image-296 alignnone size-medium\" srcset=\"https:\/\/laboratoriossanox.com\/wp-content\/uploads\/2026\/01\/12-300x250.png 300w, https:\/\/laboratoriossanox.com\/wp-content\/uploads\/2026\/01\/12-480x400.png 480w, https:\/\/laboratoriossanox.com\/wp-content\/uploads\/2026\/01\/12.png 709w\" sizes=\"(max-width: 54px) 100vw, 54px\" \/><strong>SOLIDEZ T\u00c9CNICA<\/strong><\/p>\n<p>Contamos con personal altamente calificado para brindar asesor\u00eda y dise\u00f1ar nuevos productos. Nuestro personal tambi\u00e9n optimiza y adec\u00faa los procesos de sanidad necesarios en la industria.<\/p>\n<p>[\/et_pb_text][et_pb_text _builder_version=&#8221;4.27.5&#8243; _module_preset=&#8221;default&#8221; global_colors_info=&#8221;{}&#8221;]<\/p>\n<p><img loading=\"lazy\" decoding=\"async\" src=\"https:\/\/laboratoriossanox7660.live-website.com\/wp-content\/uploads\/2026\/01\/13-300x250.png\" width=\"54\" height=\"45\" alt=\"\" class=\"wp-image-297 alignnone size-medium\" srcset=\"https:\/\/laboratoriossanox.com\/wp-content\/uploads\/2026\/01\/13-300x250.png 300w, https:\/\/laboratoriossanox.com\/wp-content\/uploads\/2026\/01\/13-480x400.png 480w, https:\/\/laboratoriossanox.com\/wp-content\/uploads\/2026\/01\/13.png 709w\" sizes=\"(max-width: 54px) 100vw, 54px\" \/><strong>VISISTAS DE VALOR<\/strong><\/p>\n<p>Programamos visitas de valor dependiendo de las necesidades particulares de cada cliente, para optimizar nuestros productos y garantizar un mejor desempe\u00f1o.<\/p>\n<p>[\/et_pb_text][et_pb_text _builder_version=&#8221;4.27.5&#8243; _module_preset=&#8221;default&#8221; global_colors_info=&#8221;{}&#8221;]<\/p>\n<p><img loading=\"lazy\" decoding=\"async\" src=\"https:\/\/laboratoriossanox7660.live-website.com\/wp-content\/uploads\/2026\/01\/14-300x250.png\" width=\"52\" height=\"43\" alt=\"\" class=\"wp-image-298 alignnone size-medium\" srcset=\"https:\/\/laboratoriossanox.com\/wp-content\/uploads\/2026\/01\/14-300x250.png 300w, https:\/\/laboratoriossanox.com\/wp-content\/uploads\/2026\/01\/14-480x400.png 480w, https:\/\/laboratoriossanox.com\/wp-content\/uploads\/2026\/01\/14.png 709w\" sizes=\"(max-width: 52px) 100vw, 52px\" \/><strong>\u00c1REAS DE OPORTUNIDAD<\/strong><\/p>\n<p>Nos comprometemos a la optimizaci\u00f3n de los procesos de sanidad, mediante la identificaci\u00f3n de \u00e1reas de oportunidad.<\/p>\n<p>[\/et_pb_text][\/et_pb_column][et_pb_column type=&#8221;1_2&#8243; _builder_version=&#8221;4.27.5&#8243; _module_preset=&#8221;default&#8221; global_colors_info=&#8221;{}&#8221;][et_pb_text _builder_version=&#8221;4.27.5&#8243; _module_preset=&#8221;default&#8221; global_colors_info=&#8221;{}&#8221;]<\/p>\n<p><img loading=\"lazy\" decoding=\"async\" src=\"https:\/\/laboratoriossanox7660.live-website.com\/wp-content\/uploads\/2026\/01\/15-300x250.png\" width=\"58\" height=\"48\" alt=\"\" class=\"wp-image-299 alignnone size-medium\" srcset=\"https:\/\/laboratoriossanox.com\/wp-content\/uploads\/2026\/01\/15-300x250.png 300w, https:\/\/laboratoriossanox.com\/wp-content\/uploads\/2026\/01\/15-480x400.png 480w, https:\/\/laboratoriossanox.com\/wp-content\/uploads\/2026\/01\/15.png 709w\" sizes=\"(max-width: 58px) 100vw, 58px\" \/><strong>CAPACITACI\u00d3N ACTUALIZADA<\/strong><\/p>\n<p>Como parte de nuestro servicio y atenci\u00f3n hacia nuestros clientes, tenemos definidos varios cursos que completan nuestra batalla contra los riesgos de contaminaci\u00f3n en la industria alimentaria. Los cursos que impartimos son los siguientes:<\/p>\n<p>1.\u2060 Limpieza y Desinfecci\u00f3n.<br \/>2.\u2060 Manej\u00f3 de Sustancias Qu\u00edmicas<br \/>Peligrosas NOM 005 y 018.<br \/>3.\u2060 Procedimientos Operativos<br \/>Estandarizados POES.<br \/>4.\u2060 Dise\u00f1o Sanitario y CIP B\u00e1sico.<br \/>5.\u2060 Microbiolog\u00eda de los Alimentos.<\/p>\n<p>[\/et_pb_text][et_pb_text _builder_version=&#8221;4.27.5&#8243; _module_preset=&#8221;default&#8221; global_colors_info=&#8221;{}&#8221;]<\/p>\n<p><img loading=\"lazy\" decoding=\"async\" src=\"https:\/\/laboratoriossanox7660.live-website.com\/wp-content\/uploads\/2026\/01\/16-300x250.png\" width=\"58\" height=\"48\" alt=\"\" class=\"wp-image-300 alignnone size-medium\" srcset=\"https:\/\/laboratoriossanox.com\/wp-content\/uploads\/2026\/01\/16-300x250.png 300w, https:\/\/laboratoriossanox.com\/wp-content\/uploads\/2026\/01\/16-480x400.png 480w, https:\/\/laboratoriossanox.com\/wp-content\/uploads\/2026\/01\/16.png 709w\" sizes=\"(max-width: 58px) 100vw, 58px\" \/><strong>AN\u00c1LISIS<\/strong><\/p>\n<p>\u00b7 Elaboraci\u00f3n de diagnostico<br \/>\u00b7 Evaluaci\u00f3n de costos operacionales<br \/>\u00b7 Dise\u00f1o y acabado Sanitario<br \/>\u00b7 Costo beneficio<br \/>\u00b7 Relaci\u00f3n ganar-ganar<br \/>\u00b7 Propuesta integral<\/p>\n<p>[\/et_pb_text][\/et_pb_column][\/et_pb_row][\/et_pb_section][et_pb_section fb_built=&#8221;1&#8243; _builder_version=&#8221;4.27.5&#8243; _module_preset=&#8221;default&#8221; use_background_color_gradient=&#8221;on&#8221; background_color_gradient_stops=&#8221;rgba(255,255,255,0.33) 54%|gcid-40d1cd2b-1ccb-45a5-acf6-6e19bc95380f 100%&#8221; background_color_gradient_overlays_image=&#8221;on&#8221; background_image=&#8221;https:\/\/laboratoriossanox7660.live-website.com\/wp-content\/uploads\/2026\/01\/Ingeniero-en-Alimentos-Funciones-y-campo-laboral1.jpg&#8221; parallax=&#8221;on&#8221; global_colors_info=&#8221;{%22gcid-40d1cd2b-1ccb-45a5-acf6-6e19bc95380f%22:%91%22background_color_gradient_stops%22%93}&#8221;][et_pb_row _builder_version=&#8221;4.27.5&#8243; _module_preset=&#8221;default&#8221; global_colors_info=&#8221;{}&#8221;][et_pb_column type=&#8221;4_4&#8243; _builder_version=&#8221;4.27.5&#8243; _module_preset=&#8221;default&#8221; global_colors_info=&#8221;{}&#8221;][et_pb_heading title=&#8221;CAPACIDAD&#8221; _builder_version=&#8221;4.27.5&#8243; _module_preset=&#8221;default&#8221; title_font=&#8221;Kanit||||||||&#8221; title_text_align=&#8221;center&#8221; title_text_color=&#8221;#FFFFFF&#8221; background_color=&#8221;gcid-40d1cd2b-1ccb-45a5-acf6-6e19bc95380f&#8221; use_background_color_gradient=&#8221;on&#8221; background_color_gradient_stops=&#8221;rgba(43,135,218,0.65) 48%|gcid-40d1cd2b-1ccb-45a5-acf6-6e19bc95380f 100%&#8221; border_radii=&#8221;on|12px|12px|12px|12px&#8221; global_colors_info=&#8221;{%22gcid-40d1cd2b-1ccb-45a5-acf6-6e19bc95380f%22:%91%22background_color%22,%22background_color_gradient_stops%22%93}&#8221;][\/et_pb_heading][\/et_pb_column][\/et_pb_row][et_pb_row column_structure=&#8221;1_2,1_2&#8243; _builder_version=&#8221;4.27.5&#8243; _module_preset=&#8221;default&#8221; hover_enabled=&#8221;0&#8243; global_colors_info=&#8221;{}&#8221; sticky_enabled=&#8221;0&#8243;][et_pb_column type=&#8221;1_2&#8243; _builder_version=&#8221;4.27.5&#8243; _module_preset=&#8221;default&#8221; global_colors_info=&#8221;{}&#8221;][et_pb_text _builder_version=&#8221;4.27.5&#8243; _module_preset=&#8221;default&#8221; text_text_color=&#8221;#000000&#8243; text_font_size=&#8221;28px&#8221; custom_margin=&#8221;109px|-105px||||&#8221; hover_enabled=&#8221;0&#8243; global_colors_info=&#8221;{}&#8221; text_font_size_last_edited=&#8221;on|phone&#8221; text_font_size_phone=&#8221;17px&#8221; sticky_enabled=&#8221;0&#8243; content_last_edited=&#8221;on|phone&#8221; content_phone=&#8221;<\/p>\n<p><img src=%22https:\/\/laboratoriossanox7660.live-website.com\/wp-content\/uploads\/2026\/01\/12-300x250.png%22 width=%2264%22 height=%2253%22 alt=%22%22 class=%22wp-image-296 alignnone size-medium%22 \/>Capacidad instalada de productividad<\/p>\n<p>&#8221; transform_styles_last_edited=&#8221;on|phone&#8221; transform_scale_last_edited=&#8221;on|phone&#8221; transform_translate_last_edited=&#8221;on|phone&#8221; transform_rotate_last_edited=&#8221;on|phone&#8221; transform_skew_last_edited=&#8221;on|phone&#8221; transform_origin_last_edited=&#8221;on|phone&#8221; transform_translate_phone=&#8221;-39px|-6px&#8221; custom_margin_last_edited=&#8221;on|phone&#8221; custom_margin_phone=&#8221;0px|-105px|||false|false&#8221; admin_label=&#8221;CAPACIDAD&#8221; text_font_size_tablet=&#8221;28px&#8221; content_tablet=&#8221;<\/p>\n<p><img src=%22https:\/\/laboratoriossanox7660.live-website.com\/wp-content\/uploads\/2026\/01\/12-300x250.png%22 width=%2280%22 height=%2267%22 alt=%22%22 class=%22wp-image-296 alignnone size-medium%22 \/>Capacidad instalada de productividad<\/p>\n<p>&#8221; custom_margin_tablet=&#8221;109px|-105px||||&#8221;]<\/p>\n<p><img loading=\"lazy\" decoding=\"async\" src=\"https:\/\/laboratoriossanox7660.live-website.com\/wp-content\/uploads\/2026\/01\/12-300x250.png\" width=\"80\" height=\"67\" alt=\"\" class=\"wp-image-296 alignnone size-medium\" srcset=\"https:\/\/laboratoriossanox.com\/wp-content\/uploads\/2026\/01\/12-300x250.png 300w, https:\/\/laboratoriossanox.com\/wp-content\/uploads\/2026\/01\/12-480x400.png 480w, https:\/\/laboratoriossanox.com\/wp-content\/uploads\/2026\/01\/12.png 709w\" sizes=\"(max-width: 80px) 100vw, 80px\" \/>Capacidad instalada de productividad<\/p>\n<p>[\/et_pb_text][et_pb_text _builder_version=&#8221;4.27.5&#8243; _module_preset=&#8221;default&#8221; text_text_color=&#8221;#000000&#8243; text_font_size=&#8221;28px&#8221; custom_margin=&#8221;109px|-105px|109px||true|&#8221; hover_enabled=&#8221;0&#8243; global_colors_info=&#8221;{}&#8221; text_font_size_last_edited=&#8221;on|phone&#8221; text_font_size_phone=&#8221;17px&#8221; content_last_edited=&#8221;on|phone&#8221; content_phone=&#8221;<\/p>\n<p><img src=%22https:\/\/laboratoriossanox7660.live-website.com\/wp-content\/uploads\/2026\/01\/13-300x250.png%22 width=%2263%22 height=%2252%22 alt=%22%22 class=%22wp-image-297 alignnone size-medium%22 \/>Tasa de Retenci\u00f3n de Clientes (%)<\/p>\n<p>&#8221; transform_styles_last_edited=&#8221;on|phone&#8221; transform_scale_last_edited=&#8221;on|phone&#8221; transform_translate_last_edited=&#8221;on|phone&#8221; transform_rotate_last_edited=&#8221;on|phone&#8221; transform_skew_last_edited=&#8221;on|phone&#8221; transform_origin_last_edited=&#8221;on|phone&#8221; transform_translate_phone=&#8221;-39px|-77px&#8221; sticky_enabled=&#8221;0&#8243; text_font_size_tablet=&#8221;28px&#8221; content_tablet=&#8221;<\/p>\n<p><img src=%22https:\/\/laboratoriossanox7660.live-website.com\/wp-content\/uploads\/2026\/01\/13-300x250.png%22 width=%2278%22 height=%2265%22 alt=%22%22 class=%22wp-image-297 alignnone size-medium%22 \/>Tasa de Retenci\u00f3n de Clientes (%)<\/p>\n<p>&#8220;]<\/p>\n<p><img loading=\"lazy\" decoding=\"async\" src=\"https:\/\/laboratoriossanox7660.live-website.com\/wp-content\/uploads\/2026\/01\/13-300x250.png\" width=\"78\" height=\"65\" alt=\"\" class=\"wp-image-297 alignnone size-medium\" srcset=\"https:\/\/laboratoriossanox.com\/wp-content\/uploads\/2026\/01\/13-300x250.png 300w, https:\/\/laboratoriossanox.com\/wp-content\/uploads\/2026\/01\/13-480x400.png 480w, https:\/\/laboratoriossanox.com\/wp-content\/uploads\/2026\/01\/13.png 709w\" sizes=\"(max-width: 78px) 100vw, 78px\" \/>Tasa de Retenci\u00f3n de Clientes (%)<\/p>\n<p>[\/et_pb_text][et_pb_text _builder_version=&#8221;4.27.5&#8243; _module_preset=&#8221;default&#8221; text_text_color=&#8221;#000000&#8243; text_font_size=&#8221;28px&#8221; custom_margin=&#8221;109px|-105px||||&#8221; hover_enabled=&#8221;0&#8243; global_colors_info=&#8221;{}&#8221; text_font_size_last_edited=&#8221;on|phone&#8221; text_font_size_phone=&#8221;17px&#8221; content_last_edited=&#8221;on|phone&#8221; content_phone=&#8221;<\/p>\n<p><img src=%22https:\/\/laboratoriossanox7660.live-website.com\/wp-content\/uploads\/2026\/01\/14-300x250.png%22 width=%2267%22 height=%2256%22 alt=%22%22 class=%22wp-image-298 alignnone size-medium%22 \/>Tasa de Defectos en la Producci\u00f3n (%)<\/p>\n<p>&#8221; transform_styles_last_edited=&#8221;on|phone&#8221; transform_scale_last_edited=&#8221;on|phone&#8221; transform_translate_last_edited=&#8221;on|phone&#8221; transform_rotate_last_edited=&#8221;on|phone&#8221; transform_skew_last_edited=&#8221;on|phone&#8221; transform_origin_last_edited=&#8221;on|phone&#8221; transform_translate_phone=&#8221;-40px|-152px&#8221; sticky_enabled=&#8221;0&#8243; text_font_size_tablet=&#8221;28px&#8221; content_tablet=&#8221;<\/p>\n<p><img src=%22https:\/\/laboratoriossanox7660.live-website.com\/wp-content\/uploads\/2026\/01\/14-300x250.png%22 width=%2281%22 height=%2267%22 alt=%22%22 class=%22wp-image-298 alignnone size-medium%22 \/>Tasa de Defectos en la Producci\u00f3n (%)<\/p>\n<p>&#8220;]<\/p>\n<p><img loading=\"lazy\" decoding=\"async\" src=\"https:\/\/laboratoriossanox7660.live-website.com\/wp-content\/uploads\/2026\/01\/14-300x250.png\" width=\"81\" height=\"67\" alt=\"\" class=\"wp-image-298 alignnone size-medium\" srcset=\"https:\/\/laboratoriossanox.com\/wp-content\/uploads\/2026\/01\/14-300x250.png 300w, https:\/\/laboratoriossanox.com\/wp-content\/uploads\/2026\/01\/14-480x400.png 480w, https:\/\/laboratoriossanox.com\/wp-content\/uploads\/2026\/01\/14.png 709w\" sizes=\"(max-width: 81px) 100vw, 81px\" \/>Tasa de Defectos en la Producci\u00f3n (%)<\/p>\n<p>[\/et_pb_text][\/et_pb_column][et_pb_column type=&#8221;1_2&#8243; _builder_version=&#8221;4.27.5&#8243; _module_preset=&#8221;default&#8221; global_colors_info=&#8221;{}&#8221;][et_pb_image src=&#8221;https:\/\/laboratoriossanox7660.live-website.com\/wp-content\/uploads\/2026\/01\/3-1.png&#8221; title_text=&#8221;3&#8243; _builder_version=&#8221;4.27.5&#8243; _module_preset=&#8221;default&#8221; hover_enabled=&#8221;0&#8243; global_colors_info=&#8221;{}&#8221; custom_margin=&#8221;0px||0px||false|false&#8221; custom_padding=&#8221;0px|||0px|false|false&#8221; transform_styles_last_edited=&#8221;on|phone&#8221; transform_scale_last_edited=&#8221;on|phone&#8221; transform_translate_last_edited=&#8221;on|phone&#8221; transform_rotate_last_edited=&#8221;on|phone&#8221; transform_skew_last_edited=&#8221;on|phone&#8221; transform_origin_last_edited=&#8221;on|phone&#8221; transform_translate_phone=&#8221;-1px|-188px&#8221; sticky_enabled=&#8221;0&#8243;][\/et_pb_image][et_pb_image src=&#8221;https:\/\/laboratoriossanox7660.live-website.com\/wp-content\/uploads\/2026\/01\/4.png&#8221; title_text=&#8221;4&#8243; _builder_version=&#8221;4.27.5&#8243; _module_preset=&#8221;default&#8221; custom_margin=&#8221;-133px|||||&#8221; hover_enabled=&#8221;0&#8243; global_colors_info=&#8221;{}&#8221; transform_styles_last_edited=&#8221;on|phone&#8221; transform_scale_last_edited=&#8221;on|phone&#8221; transform_translate_last_edited=&#8221;on|phone&#8221; transform_rotate_last_edited=&#8221;on|phone&#8221; transform_skew_last_edited=&#8221;on|phone&#8221; transform_origin_last_edited=&#8221;on|phone&#8221; transform_translate_phone=&#8221;-3px|-80px&#8221; sticky_enabled=&#8221;0&#8243;][\/et_pb_image][et_pb_image src=&#8221;https:\/\/laboratoriossanox7660.live-website.com\/wp-content\/uploads\/2026\/01\/5.png&#8221; title_text=&#8221;5&#8243; _builder_version=&#8221;4.27.5&#8243; _module_preset=&#8221;default&#8221; custom_margin=&#8221;-133px|||||&#8221; global_colors_info=&#8221;{}&#8221;][\/et_pb_image][\/et_pb_column][\/et_pb_row][\/et_pb_section]<\/p>\n","protected":false},"excerpt":{"rendered":"<p>REGISTROS Y CERTIFICACIONESBeneficios para nuestros socios comercialesSOLIDEZ T\u00c9CNICA Contamos con personal altamente calificado para brindar asesor\u00eda y dise\u00f1ar nuevos productos. Nuestro personal tambi\u00e9n optimiza y adec\u00faa los procesos de sanidad necesarios en la industria.VISISTAS DE VALOR Programamos visitas de valor dependiendo de las necesidades particulares de cada cliente, para optimizar nuestros productos y garantizar un [&hellip;]<\/p>\n","protected":false},"author":1,"featured_media":0,"parent":0,"menu_order":0,"comment_status":"closed","ping_status":"closed","template":"","meta":{"_et_pb_use_builder":"on","_et_pb_old_content":"","_et_gb_content_width":"","footnotes":""},"class_list":["post-63","page","type-page","status-publish","hentry"],"_links":{"self":[{"href":"https:\/\/laboratoriossanox.com\/en\/wp-json\/wp\/v2\/pages\/63","targetHints":{"allow":["GET"]}}],"collection":[{"href":"https:\/\/laboratoriossanox.com\/en\/wp-json\/wp\/v2\/pages"}],"about":[{"href":"https:\/\/laboratoriossanox.com\/en\/wp-json\/wp\/v2\/types\/page"}],"author":[{"embeddable":true,"href":"https:\/\/laboratoriossanox.com\/en\/wp-json\/wp\/v2\/users\/1"}],"replies":[{"embeddable":true,"href":"https:\/\/laboratoriossanox.com\/en\/wp-json\/wp\/v2\/comments?post=63"}],"version-history":[{"count":41,"href":"https:\/\/laboratoriossanox.com\/en\/wp-json\/wp\/v2\/pages\/63\/revisions"}],"predecessor-version":[{"id":498,"href":"https:\/\/laboratoriossanox.com\/en\/wp-json\/wp\/v2\/pages\/63\/revisions\/498"}],"wp:attachment":[{"href":"https:\/\/laboratoriossanox.com\/en\/wp-json\/wp\/v2\/media?parent=63"}],"curies":[{"name":"wp","href":"https:\/\/api.w.org\/{rel}","templated":true}]}}