{"id":54,"date":"2026-01-17T05:19:59","date_gmt":"2026-01-17T05:19:59","guid":{"rendered":"https:\/\/inoquim.com\/?page_id=54"},"modified":"2026-02-01T14:35:43","modified_gmt":"2026-02-01T14:35:43","slug":"soluciones","status":"publish","type":"page","link":"https:\/\/laboratoriossanox.com\/en\/soluciones\/","title":{"rendered":"COVERAGE"},"content":{"rendered":"<p>[et_pb_section fb_built=\u00bb1&#8243; _builder_version=\u00bb4.27.5&#8243; _module_preset=\u00bbdefault\u00bb custom_padding=\u00bb193px||6px|||\u00bb bottom_divider_style=\u00bbarrow2&#8243; bottom_divider_color=\u00bbgcid-40d1cd2b-1ccb-45a5-acf6-6e19bc95380f\u00bb hover_enabled=\u00bb0&#8243; global_colors_info=\u00bb{%22gcid-40d1cd2b-1ccb-45a5-acf6-6e19bc95380f%22:%91%22bottom_divider_color%22%93}\u00bb title_text=\u00bbDise\u00f1o sin t\u00edtulo (4)\u00bb background_image=\u00bbhttps:\/\/laboratoriossanox7660.live-website.com\/wp-content\/uploads\/2026\/02\/Diseno-sin-titulo-4.png\u00bb sticky_enabled=\u00bb0&#8243; use_background_color_gradient=\u00bbon\u00bb background_color_gradient_overlays_image=\u00bbon\u00bb background_color_gradient_stops=\u00bbrgba(15,21,86,0.62) 47%|#000000 100%\u00bb custom_margin_last_edited=\u00bbon|phone\u00bb custom_margin_phone=\u00bb-189px||||false|false\u00bb][et_pb_row _builder_version=\u00bb4.27.5&#8243; _module_preset=\u00bbdefault\u00bb column_structure=\u00bb1_2,1_2&#8243; custom_padding=\u00bb||15px|||\u00bb][et_pb_column _builder_version=\u00bb4.27.5&#8243; _module_preset=\u00bbdefault\u00bb type=\u00bb1_2&#8243;][et_pb_text _builder_version=\u00bb4.27.5&#8243; _module_preset=\u00bbdefault\u00bb text_text_color=\u00bb#FFFFFF\u00bb text_font_size=\u00bb21px\u00bb hover_enabled=\u00bb0&#8243; sticky_enabled=\u00bb0&#8243; custom_margin=\u00bb172px|-61px|172px|-61px|false|false\u00bb custom_padding=\u00bb0px|40px|0px|40px|true|true\u00bb text_font_size_last_edited=\u00bbon|phone\u00bb text_font_size_phone=\u00bb15px\u00bb transform_styles_last_edited=\u00bbon|phone\u00bb transform_scale_last_edited=\u00bbon|phone\u00bb transform_translate_last_edited=\u00bbon|phone\u00bb transform_rotate_last_edited=\u00bbon|phone\u00bb transform_skew_last_edited=\u00bbon|phone\u00bb transform_origin_last_edited=\u00bbon|phone\u00bb transform_translate_phone=\u00bb-4px|-13px\u00bb custom_margin_last_edited=\u00bbon|desktop\u00bb custom_padding_last_edited=\u00bbon|desktop\u00bb text_font_size_tablet=\u00bb21px\u00bb custom_margin_tablet=\u00bb172px|-61px|172px|-61px|false|false\u00bb custom_margin_phone=\u00bb172px|-61px|172px|-61px|false|false\u00bb custom_padding_tablet=\u00bb0px|40px|0px|40px|true|true\u00bb custom_padding_phone=\u00bb0px|40px|0px|40px|true|true\u00bb]<\/p>\n<p>Para brindar un servicio integral y poder satisfacer las demandas de nuestros clientes que tienen presencia en el territorio mexicano, contamos con oficinas regionales y centros de distribuci\u00f3n estrat\u00e9gicos, con el fin de garantizar la distribuci\u00f3n, producci\u00f3n y asesor\u00eda t\u00e9cnica en cada lugar que sea necesario.<\/p>\n<p>[\/et_pb_text][\/et_pb_column][et_pb_column _builder_version=\u00bb4.27.5&#8243; _module_preset=\u00bbdefault\u00bb type=\u00bb1_2&#8243;][et_pb_text _builder_version=\u00bb4.27.5&#8243; _module_preset=\u00bbdefault\u00bb text_text_color=\u00bb#EDF000&#8243; text_font_size=\u00bb41px\u00bb text_line_height=\u00bb1.3em\u00bb hover_enabled=\u00bb0&#8243; sticky_enabled=\u00bb0&#8243; custom_margin=\u00bb-172px|||||\u00bb text_text_shadow_style=\u00bbpreset1&#8243; transform_styles_last_edited=\u00bbon|phone\u00bb transform_scale_last_edited=\u00bbon|phone\u00bb transform_translate_last_edited=\u00bbon|phone\u00bb transform_rotate_last_edited=\u00bbon|phone\u00bb transform_skew_last_edited=\u00bbon|phone\u00bb transform_origin_last_edited=\u00bbon|phone\u00bb transform_translate_phone=\u00bb5px|-346px\u00bb text_font_size_last_edited=\u00bbon|phone\u00bb text_font_size_phone=\u00bb28px\u00bb text_font_size_tablet=\u00bb41px\u00bb]<\/p>\n<p>PRESENTES EN GRAN PARTE DEL PA\u00cdS<\/p>\n<p>[\/et_pb_text][et_pb_image src=\u00bbhttps:\/\/laboratoriossanox7660.live-website.com\/wp-content\/uploads\/2026\/02\/IMAGENES-INOQIMI-8.png\u00bb _builder_version=\u00bb4.27.5&#8243; _module_preset=\u00bbdefault\u00bb title_text=\u00bbIMAGENES INOQIMI (8)\u00bb hover_enabled=\u00bb0&#8243; sticky_enabled=\u00bb0&#8243; transform_translate=\u00bb-208px|-65px\u00bb transform_styles_last_edited=\u00bbon|phone\u00bb transform_scale_last_edited=\u00bbon|phone\u00bb transform_translate_last_edited=\u00bbon|phone\u00bb transform_rotate_last_edited=\u00bbon|phone\u00bb transform_skew_last_edited=\u00bbon|phone\u00bb transform_origin_last_edited=\u00bbon|phone\u00bb transform_translate_phone=\u00bb2px|-92px\u00bb animation_style=\u00bbzoom\u00bb width=\u00bb100%\u00bb max_width=\u00bb120%\u00bb transform_translate_tablet=\u00bb-208px|-65px\u00bb][\/et_pb_image][\/et_pb_column][\/et_pb_row][\/et_pb_section][et_pb_section fb_built=\u00bb1&#8243; specialty=\u00bbon\u00bb _builder_version=\u00bb4.27.5&#8243; _module_preset=\u00bbdefault\u00bb use_background_color_gradient=\u00bbon\u00bb background_color_gradient_stops=\u00bbrgba(0,0,124,0.92) 0%|rgba(0,0,25,0.91) 100%\u00bb background_color_gradient_overlays_image=\u00bbon\u00bb background_image=\u00bbhttps:\/\/laboratoriossanox7660.live-website.com\/wp-content\/uploads\/2026\/01\/Diseno-sin-titulo-2.png\u00bb custom_margin=\u00bb-1px|||||\u00bb hover_enabled=\u00bb0&#8243; global_colors_info=\u00bb{%22gcid-40d1cd2b-1ccb-45a5-acf6-6e19bc95380f%22:%91%22background_color_gradient_stops%22%93}\u00bb sticky_enabled=\u00bb0&#8243;][et_pb_column type=\u00bb2_3&#8243; specialty_columns=\u00bb2&#8243; _builder_version=\u00bb4.16&#8243; custom_padding=\u00bb|||\u00bb global_colors_info=\u00bb{}\u00bb custom_padding__hover=\u00bb|||\u00bb][et_pb_row_inner _builder_version=\u00bb4.27.5&#8243; _module_preset=\u00bbdefault\u00bb global_colors_info=\u00bb{}\u00bb][et_pb_column_inner saved_specialty_column_type=\u00bb2_3&#8243; _builder_version=\u00bb4.27.5&#8243; _module_preset=\u00bbdefault\u00bb global_colors_info=\u00bb{}\u00bb][et_pb_heading title=\u00bbCENTROS DE ATENCI\u00d3N\u00bb _builder_version=\u00bb4.27.5&#8243; _module_preset=\u00bbdefault\u00bb title_text_color=\u00bb#FFFFFF\u00bb title_font_size=\u00bb56px\u00bb width=\u00bb100%\u00bb max_width=\u00bb100%\u00bb hover_enabled=\u00bb0&#8243; title_text_shadow_style=\u00bbpreset1&#8243; global_colors_info=\u00bb{}\u00bb title_font_size_last_edited=\u00bbon|phone\u00bb title_font_size_phone=\u00bb26px\u00bb sticky_enabled=\u00bb0&#8243; title_font_size_tablet=\u00bb56px\u00bb][\/et_pb_heading][\/et_pb_column_inner][\/et_pb_row_inner][et_pb_row_inner column_structure=\u00bb1_2,1_2&#8243; _builder_version=\u00bb4.27.5&#8243; _module_preset=\u00bbdefault\u00bb hover_enabled=\u00bb0&#8243; global_colors_info=\u00bb{}\u00bb sticky_enabled=\u00bb0&#8243;][et_pb_column_inner type=\u00bb1_2&#8243; saved_specialty_column_type=\u00bb2_3&#8243; _builder_version=\u00bb4.27.5&#8243; _module_preset=\u00bbdefault\u00bb global_colors_info=\u00bb{}\u00bb][et_pb_text _builder_version=\u00bb4.27.5&#8243; _module_preset=\u00bbdefault\u00bb text_text_color=\u00bb#FFFFFF\u00bb global_colors_info=\u00bb{}\u00bb]<\/p>\n<p><span style=\"text-decoration: underline; color: #ffff00;\"><strong>ZONA NORTE<\/strong><\/span><\/p>\n<p>Nuevo Le\u00f3n<br \/>Tamaulipas<br \/>Durango<br \/>Coahuila<br \/>Chihuahua<br \/>Zacatecas<\/p>\n<p><span style=\"text-decoration: underline; color: #ffff00;\"><strong>ZONA BAJ\u00cdO<\/strong><\/span><\/p>\n<p>Quer\u00e9taro<br \/>Guanajuato<br \/>Aguascalientes<br \/>San Luis Potos\u00ed<\/p>\n<p><span style=\"text-decoration: underline; color: #ffff00;\"><strong>ZONA OCCIDENTE<\/strong><\/span><\/p>\n<p>Jalisco<br \/>Michoac\u00e1n<br \/>Sinaloa<br \/>Sonora<br \/>Baja California<br \/>Bajacalifornia Sur<br \/>Colima<br \/>Nayarit<\/p>\n<p>[\/et_pb_text][\/et_pb_column_inner][et_pb_column_inner type=\u00bb1_2&#8243; saved_specialty_column_type=\u00bb2_3&#8243; _builder_version=\u00bb4.27.5&#8243; _module_preset=\u00bbdefault\u00bb global_colors_info=\u00bb{}\u00bb][et_pb_text _builder_version=\u00bb4.27.5&#8243; _module_preset=\u00bbdefault\u00bb text_text_color=\u00bb#FFFFFF\u00bb hover_enabled=\u00bb0&#8243; global_colors_info=\u00bb{}\u00bb transform_styles_last_edited=\u00bbon|phone\u00bb transform_scale_last_edited=\u00bbon|phone\u00bb transform_translate_last_edited=\u00bbon|phone\u00bb transform_rotate_last_edited=\u00bbon|phone\u00bb transform_skew_last_edited=\u00bbon|phone\u00bb transform_origin_last_edited=\u00bbon|phone\u00bb transform_translate_phone=\u00bb162px|-540px\u00bb sticky_enabled=\u00bb0&#8243;]<\/p>\n<p><strong><span style=\"text-decoration: underline; color: #ffff00;\">ZONA CENTRO<\/span><\/strong><\/p>\n<p>CD De M\u00e9xico<br \/>Hidalgo<br \/>Morelos<br \/>Estado de M\u00e9xico<\/p>\n<p><strong><span style=\"text-decoration: underline; color: #ffff00;\">ZONA SUR<\/span><\/strong><\/p>\n<p>Veracruz<br \/>Tabasco<br \/>Chiapas<br \/>Puebla<br \/>Tlaxcala<br \/>Oaxaca<\/p>\n<p><strong><span style=\"text-decoration: underline; color: #ffff00;\">ZONA PEN\u00cdNSULA<\/span><\/strong><\/p>\n<p>Yucat\u00e1n<br \/>Campeche<br \/>Quintana Roo<\/p>\n<p>[\/et_pb_text][\/et_pb_column_inner][\/et_pb_row_inner][\/et_pb_column][et_pb_column type=\u00bb1_3&#8243; _builder_version=\u00bb4.16&#8243; custom_padding=\u00bb|||\u00bb global_colors_info=\u00bb{}\u00bb custom_padding__hover=\u00bb|||\u00bb][et_pb_text _builder_version=\u00bb4.27.5&#8243; _module_preset=\u00bbdefault\u00bb text_font_size=\u00bb25px\u00bb custom_margin=\u00bb81px|-64px|0px|-41px|false|false\u00bb custom_padding=\u00bb|101px|0px||false|false\u00bb hover_enabled=\u00bb0&#8243; global_colors_info=\u00bb{}\u00bb transform_styles_last_edited=\u00bbon|phone\u00bb transform_scale_last_edited=\u00bbon|phone\u00bb transform_translate_last_edited=\u00bbon|phone\u00bb transform_rotate_last_edited=\u00bbon|phone\u00bb transform_skew_last_edited=\u00bbon|phone\u00bb transform_origin_last_edited=\u00bbon|phone\u00bb transform_translate_phone=\u00bb41px|-580px\u00bb transform_translate_linked_phone=\u00bboff\u00bb text_font_size_last_edited=\u00bbon|phone\u00bb text_font_size_phone=\u00bb26px\u00bb sticky_enabled=\u00bb0&#8243; text_line_height=\u00bb1.5em\u00bb text_font_size_tablet=\u00bb25px\u00bb]<\/p>\n<p><em><span style=\"color: #ffff00;\"><strong>M\u00e1s de 40 ciudades con presencia INOQUIM<\/strong><\/span><\/em><\/p>\n<p>[\/et_pb_text][et_pb_text _builder_version=\u00bb4.27.5&#8243; _module_preset=\u00bbdefault\u00bb text_text_color=\u00bb#FFFFFF\u00bb custom_margin=\u00bb-533px||||false|false\u00bb hover_enabled=\u00bb0&#8243; global_colors_info=\u00bb{}\u00bb custom_padding=\u00bb0px|||||\u00bb transform_styles_last_edited=\u00bbon|desktop\u00bb transform_scale_last_edited=\u00bbon|desktop\u00bb transform_translate_last_edited=\u00bbon|desktop\u00bb transform_rotate_last_edited=\u00bbon|desktop\u00bb transform_skew_last_edited=\u00bbon|desktop\u00bb transform_origin_last_edited=\u00bbon|desktop\u00bb transform_translate=\u00bb-25px|554px\u00bb transform_translate_linked=\u00bboff\u00bb sticky_enabled=\u00bb0&#8243; transform_translate_phone=\u00bb-7px|-10px\u00bb transform_translate_tablet=\u00bb-25px|554px\u00bb]<\/p>\n<p>Apizaco, Aguascalientes, Celaya, Ciudad Altamirano, Coatepec, C\u00f3rdoba, Coatzacoalcos, Cuernavaca, Culiac\u00e1n, Chiapas, Chihuahua, La paz, Los Mochis, Distrito Federal, Guadalajara, Hermosillo, Huimanguillo, Irapuato, Lagos de Moreno, Le\u00f3n, Linares, Mazatl\u00e1n, M\u00e9rida, Mexicali, Monterrey, Durango, Morelia, Oaxaca, Ocotl\u00e1n, Puebla , Quer\u00e9taro , Rio Verde, San Juan del R\u00edo, Saltillo, G\u00f3mez Palacio, Reynosa, San Luis Potos\u00ed, Tijuana , Tlaxcala, Tehuacan, Torre\u00f3n, Toluca, Tuxtla, Veracruz , Villahermosa, Veracruz, Zacatecas, entre otras.<\/p>\n<p>[\/et_pb_text][\/et_pb_column][\/et_pb_section]<\/p>\n","protected":false},"excerpt":{"rendered":"<p>Para brindar un servicio integral y poder satisfacer las demandas de nuestros clientes que tienen presencia en el territorio mexicano, contamos con oficinas regionales y centros de distribuci\u00f3n estrat\u00e9gicos, con el fin de garantizar la distribuci\u00f3n, producci\u00f3n y asesor\u00eda t\u00e9cnica en cada lugar que sea necesario.PRESENTES EN GRAN PARTE DEL PA\u00cdSZONA NORTE Nuevo Le\u00f3nTamaulipasDurangoCoahuilaChihuahuaZacatecas ZONA [&hellip;]<\/p>\n","protected":false},"author":1,"featured_media":0,"parent":0,"menu_order":0,"comment_status":"closed","ping_status":"closed","template":"","meta":{"_et_pb_use_builder":"on","_et_pb_old_content":"","_et_gb_content_width":"","footnotes":""},"class_list":["post-54","page","type-page","status-publish","hentry"],"_links":{"self":[{"href":"https:\/\/laboratoriossanox.com\/en\/wp-json\/wp\/v2\/pages\/54","targetHints":{"allow":["GET"]}}],"collection":[{"href":"https:\/\/laboratoriossanox.com\/en\/wp-json\/wp\/v2\/pages"}],"about":[{"href":"https:\/\/laboratoriossanox.com\/en\/wp-json\/wp\/v2\/types\/page"}],"author":[{"embeddable":true,"href":"https:\/\/laboratoriossanox.com\/en\/wp-json\/wp\/v2\/users\/1"}],"replies":[{"embeddable":true,"href":"https:\/\/laboratoriossanox.com\/en\/wp-json\/wp\/v2\/comments?post=54"}],"version-history":[{"count":31,"href":"https:\/\/laboratoriossanox.com\/en\/wp-json\/wp\/v2\/pages\/54\/revisions"}],"predecessor-version":[{"id":480,"href":"https:\/\/laboratoriossanox.com\/en\/wp-json\/wp\/v2\/pages\/54\/revisions\/480"}],"wp:attachment":[{"href":"https:\/\/laboratoriossanox.com\/en\/wp-json\/wp\/v2\/media?parent=54"}],"curies":[{"name":"wp","href":"https:\/\/api.w.org\/{rel}","templated":true}]}}